{"id":25790,"date":"2026-04-08T16:29:36","date_gmt":"2026-04-08T14:29:36","guid":{"rendered":"https:\/\/mobire.lv\/?page_id=25790"},"modified":"2026-04-09T07:44:49","modified_gmt":"2026-04-09T05:44:49","slug":"iebrauciet-ritdiena-ar-pilna-servisa-nomu","status":"publish","type":"page","link":"https:\/\/mobire.lv\/ru\/iebrauciet-ritdiena-ar-pilna-servisa-nomu\/","title":{"rendered":"L\u012aZINGS IR RETRO. Iebrauciet R\u012aTDIEN\u0100 ar pilna servisa nomu."},"content":{"rendered":"\n<div  class=\"block__wrapper block__enhanced-list\" >\n  <div class=\"container\">\n\n          <div class=\"row\">\n        <div class=\"col-12\">\n\n                      <h2 class=\"block__enhanced-list--heading\">Mobire pilna servisa nomas priek\u0161roc\u012bbas:<\/h2>\n          \n          \n        <\/div>\n      <\/div>\n    \n          <div class=\"row\">\n\n        \n          <div class=\"col-md-6\">\n            <div class=\"block__enhanced-list--column\">\n              <img decoding=\"async\" src=\"https:\/\/mobire.lv\/wp-content\/uploads\/2023\/08\/no_deposit.svg\" alt=\"Ja v\u0113laties, varat sa\u0146emt jaunu auto no mums bez pirm\u0101 maks\u0101juma.\r\n\r\n\" class=\"block__enhanced-list--image\">\n              <div class=\"block__enhanced-list--column-inner\">\n                <h4 class=\"block__enhanced-list--title\">Pirmais maks\u0101jums no 0\u20ac<\/h4>\n                \n                                  <p class=\"block__enhanced-list--description\">Ja v\u0113laties, varat sa\u0146emt jaunu auto no mums bez pirm\u0101 maks\u0101juma.\r\n\r\n<\/p>\n                \n              <\/div>\n            <\/div>\n          <\/div>\n        \n          <div class=\"col-md-6\">\n            <div class=\"block__enhanced-list--column\">\n              <img decoding=\"async\" src=\"https:\/\/mobire.lv\/wp-content\/uploads\/2023\/08\/fixed_deposit.svg\" alt=\"Visi ar auto saist\u012btie izdevumi, kas ir iek\u013cauti pilna servisa nomas pakotnes ikm\u0113ne\u0161a maks\u0101jum\u0101 un fiks\u0113ti uz visu nomas periodu.\r\n\r\n\" class=\"block__enhanced-list--image\">\n              <div class=\"block__enhanced-list--column-inner\">\n                <h4 class=\"block__enhanced-list--title\">Fiks\u0113ts ikm\u0113ne\u0161a maks\u0101jums <\/h4>\n                \n                                  <p class=\"block__enhanced-list--description\">Visi ar auto saist\u012btie izdevumi, kas ir iek\u013cauti pilna servisa nomas pakotnes ikm\u0113ne\u0161a maks\u0101jum\u0101 un fiks\u0113ti uz visu nomas periodu.\r\n\r\n<\/p>\n                \n              <\/div>\n            <\/div>\n          <\/div>\n        \n          <div class=\"col-md-6\">\n            <div class=\"block__enhanced-list--column\">\n              <img decoding=\"async\" src=\"https:\/\/mobire.lv\/wp-content\/uploads\/2023\/10\/returns.svg\" alt=\"Nepiecie\u0161am\u012bbas gad\u012bjum\u0101 ir iesp\u0113jams atgriezt auto vai apmain\u012bt pret jaunu v\u0113l pirms nomas termi\u0146a beig\u0101m.\r\n\r\n\" class=\"block__enhanced-list--image\">\n              <div class=\"block__enhanced-list--column-inner\">\n                <h4 class=\"block__enhanced-list--title\">Elast\u012bga atgrie\u0161ana un auto mai\u0146a <\/h4>\n                \n                                  <p class=\"block__enhanced-list--description\">Nepiecie\u0161am\u012bbas gad\u012bjum\u0101 ir iesp\u0113jams atgriezt auto vai apmain\u012bt pret jaunu v\u0113l pirms nomas termi\u0146a beig\u0101m.\r\n\r\n<\/p>\n                \n              <\/div>\n            <\/div>\n          <\/div>\n        \n          <div class=\"col-md-6\">\n            <div class=\"block__enhanced-list--column\">\n              <img decoding=\"async\" src=\"https:\/\/mobire.lv\/wp-content\/uploads\/2023\/08\/saving_time.svg\" alt=\"Mobire r\u016bp\u0113jas par auto uztur\u0113\u0161anu (apkop\u0113m, riepu mai\u0146u, apdro\u0161in\u0101\u0161anas gad\u012bjumiem u.c.), lai J\u016bs var\u0113tu braukt bez r\u016bp\u0113m.\r\n\r\n\" class=\"block__enhanced-list--image\">\n              <div class=\"block__enhanced-list--column-inner\">\n                <h4 class=\"block__enhanced-list--title\">Taup\u0101m laiku m\u016bsu klientiem<\/h4>\n                \n                                  <p class=\"block__enhanced-list--description\">Mobire r\u016bp\u0113jas par auto uztur\u0113\u0161anu (apkop\u0113m, riepu mai\u0146u, apdro\u0161in\u0101\u0161anas gad\u012bjumiem u.c.), lai J\u016bs var\u0113tu braukt bez r\u016bp\u0113m.\r\n\r\n<\/p>\n                \n              <\/div>\n            <\/div>\n          <\/div>\n        \n          <div class=\"col-md-6\">\n            <div class=\"block__enhanced-list--column\">\n              <img decoding=\"async\" src=\"https:\/\/mobire.lv\/wp-content\/uploads\/2023\/08\/new_car.svg\" alt=\"Visi Mobire m\u0101jaslap\u0101 att\u0113lotie auto ir pieejami uzreiz. Ilg\u0101ka pieg\u0101des laika gad\u012bjum\u0101 pie\u0161\u0137irsim Jums mai\u0146as auto l\u012bdz pas\u016bt\u012bt\u0101 transportl\u012bdzek\u013ca sa\u0146em\u0161anai.\r\n\r\n\" class=\"block__enhanced-list--image\">\n              <div class=\"block__enhanced-list--column-inner\">\n                <h4 class=\"block__enhanced-list--title\">Vienm\u0113r \u0101tra auto sa\u0146em\u0161ana <\/h4>\n                \n                                  <p class=\"block__enhanced-list--description\">Visi Mobire m\u0101jaslap\u0101 att\u0113lotie auto ir pieejami uzreiz. Ilg\u0101ka pieg\u0101des laika gad\u012bjum\u0101 pie\u0161\u0137irsim Jums mai\u0146as auto l\u012bdz pas\u016bt\u012bt\u0101 transportl\u012bdzek\u013ca sa\u0146em\u0161anai.\r\n\r\n<\/p>\n                \n              <\/div>\n            <\/div>\n          <\/div>\n        \n          <div class=\"col-md-6\">\n            <div class=\"block__enhanced-list--column\">\n              <img decoding=\"async\" src=\"https:\/\/mobire.lv\/wp-content\/uploads\/2023\/10\/replacement_car.svg\" alt=\"Mobire pilna servisa nomas cen\u0101 ir iek\u013cauts mai\u0146as auto. Lai J\u016bs vienm\u0113r paliktu kust\u012bb\u0101.\r\n\r\n\" class=\"block__enhanced-list--image\">\n              <div class=\"block__enhanced-list--column-inner\">\n                <h4 class=\"block__enhanced-list--title\">Mai\u0146as auto iek\u013cauts cen\u0101 <\/h4>\n                \n                                  <p class=\"block__enhanced-list--description\">Mobire pilna servisa nomas cen\u0101 ir iek\u013cauts mai\u0146as auto. Lai J\u016bs vienm\u0113r paliktu kust\u012bb\u0101.\r\n\r\n<\/p>\n                \n              <\/div>\n            <\/div>\n          <\/div>\n        \n      <\/div>\n    \n      <\/div>\n<\/div>\n\n\n<p><\/p>\n","protected":false},"excerpt":{"rendered":"","protected":false},"author":27,"featured_media":0,"parent":0,"menu_order":0,"comment_status":"closed","ping_status":"closed","template":"page-templates\/winter_campaign-v3.php","meta":{"_acf_changed":false,"footnotes":""},"class_list":["post-25790","page","type-page","status-publish","hentry"],"acf":[],"yoast_head":"<!-- This site is optimized with the Yoast SEO plugin v27.3 - https:\/\/yoast.com\/product\/yoast-seo-wordpress\/ -->\n<title>L\u012aZINGS IR RETRO. Iebrauciet R\u012aTDIEN\u0100 ar pilna servisa nomu. | Mobire<\/title>\n<meta name=\"robots\" content=\"index, follow, max-snippet:-1, max-image-preview:large, max-video-preview:-1\" \/>\n<link rel=\"canonical\" href=\"https:\/\/mobire.lv\/iebrauciet-ritdiena-ar-pilna-servisa-nomu\/\" \/>\n<meta property=\"og:locale\" content=\"ru_RU\" \/>\n<meta property=\"og:type\" content=\"article\" \/>\n<meta property=\"og:title\" content=\"L\u012aZINGS IR RETRO. Iebrauciet R\u012aTDIEN\u0100 ar pilna servisa nomu. | Mobire\" \/>\n<meta property=\"og:url\" content=\"https:\/\/mobire.lv\/iebrauciet-ritdiena-ar-pilna-servisa-nomu\/\" \/>\n<meta property=\"og:site_name\" content=\"Mobire\" \/>\n<meta property=\"article:modified_time\" content=\"2026-04-09T05:44:49+00:00\" \/>\n<meta name=\"twitter:card\" content=\"summary_large_image\" \/>\n<script type=\"application\/ld+json\" class=\"yoast-schema-graph\">{\"@context\":\"https:\\\/\\\/schema.org\",\"@graph\":[{\"@type\":\"WebPage\",\"@id\":\"https:\\\/\\\/mobire.lv\\\/iebrauciet-ritdiena-ar-pilna-servisa-nomu\\\/\",\"url\":\"https:\\\/\\\/mobire.lv\\\/iebrauciet-ritdiena-ar-pilna-servisa-nomu\\\/\",\"name\":\"L\u012aZINGS IR RETRO. Iebrauciet R\u012aTDIEN\u0100 ar pilna servisa nomu. | Mobire\",\"isPartOf\":{\"@id\":\"https:\\\/\\\/mobire.lv\\\/#website\"},\"datePublished\":\"2026-04-08T14:29:36+00:00\",\"dateModified\":\"2026-04-09T05:44:49+00:00\",\"breadcrumb\":{\"@id\":\"https:\\\/\\\/mobire.lv\\\/iebrauciet-ritdiena-ar-pilna-servisa-nomu\\\/#breadcrumb\"},\"inLanguage\":\"ru-RU\",\"potentialAction\":[{\"@type\":\"ReadAction\",\"target\":[\"https:\\\/\\\/mobire.lv\\\/iebrauciet-ritdiena-ar-pilna-servisa-nomu\\\/\"]}]},{\"@type\":\"BreadcrumbList\",\"@id\":\"https:\\\/\\\/mobire.lv\\\/iebrauciet-ritdiena-ar-pilna-servisa-nomu\\\/#breadcrumb\",\"itemListElement\":[{\"@type\":\"ListItem\",\"position\":1,\"name\":\"Home\",\"item\":\"https:\\\/\\\/mobire.lv\\\/ru\\\/\"},{\"@type\":\"ListItem\",\"position\":2,\"name\":\"L\u012aZINGS IR RETRO. Iebrauciet R\u012aTDIEN\u0100 ar pilna servisa nomu.\"}]},{\"@type\":\"WebSite\",\"@id\":\"https:\\\/\\\/mobire.lv\\\/#website\",\"url\":\"https:\\\/\\\/mobire.lv\\\/\",\"name\":\"Mobire\",\"description\":\"Mobire\",\"publisher\":{\"@id\":\"https:\\\/\\\/mobire.lv\\\/#organization\"},\"potentialAction\":[{\"@type\":\"SearchAction\",\"target\":{\"@type\":\"EntryPoint\",\"urlTemplate\":\"https:\\\/\\\/mobire.lv\\\/?s={search_term_string}\"},\"query-input\":{\"@type\":\"PropertyValueSpecification\",\"valueRequired\":true,\"valueName\":\"search_term_string\"}}],\"inLanguage\":\"ru-RU\"},{\"@type\":\"Organization\",\"@id\":\"https:\\\/\\\/mobire.lv\\\/#organization\",\"name\":\"Mobire\",\"url\":\"https:\\\/\\\/mobire.lv\\\/\",\"logo\":{\"@type\":\"ImageObject\",\"inLanguage\":\"ru-RU\",\"@id\":\"https:\\\/\\\/mobire.lv\\\/#\\\/schema\\\/logo\\\/image\\\/\",\"url\":\"https:\\\/\\\/mobire.lv\\\/wp-content\\\/uploads\\\/2020\\\/09\\\/mobire_logo.png\",\"contentUrl\":\"https:\\\/\\\/mobire.lv\\\/wp-content\\\/uploads\\\/2020\\\/09\\\/mobire_logo.png\",\"width\":659,\"height\":171,\"caption\":\"Mobire\"},\"image\":{\"@id\":\"https:\\\/\\\/mobire.lv\\\/#\\\/schema\\\/logo\\\/image\\\/\"}}]}<\/script>\n<!-- \/ Yoast SEO plugin. -->","yoast_head_json":{"title":"L\u012aZINGS IR RETRO. Iebrauciet R\u012aTDIEN\u0100 ar pilna servisa nomu. | Mobire","robots":{"index":"index","follow":"follow","max-snippet":"max-snippet:-1","max-image-preview":"max-image-preview:large","max-video-preview":"max-video-preview:-1"},"canonical":"https:\/\/mobire.lv\/iebrauciet-ritdiena-ar-pilna-servisa-nomu\/","og_locale":"ru_RU","og_type":"article","og_title":"L\u012aZINGS IR RETRO. Iebrauciet R\u012aTDIEN\u0100 ar pilna servisa nomu. | Mobire","og_url":"https:\/\/mobire.lv\/iebrauciet-ritdiena-ar-pilna-servisa-nomu\/","og_site_name":"Mobire","article_modified_time":"2026-04-09T05:44:49+00:00","twitter_card":"summary_large_image","schema":{"@context":"https:\/\/schema.org","@graph":[{"@type":"WebPage","@id":"https:\/\/mobire.lv\/iebrauciet-ritdiena-ar-pilna-servisa-nomu\/","url":"https:\/\/mobire.lv\/iebrauciet-ritdiena-ar-pilna-servisa-nomu\/","name":"L\u012aZINGS IR RETRO. Iebrauciet R\u012aTDIEN\u0100 ar pilna servisa nomu. | Mobire","isPartOf":{"@id":"https:\/\/mobire.lv\/#website"},"datePublished":"2026-04-08T14:29:36+00:00","dateModified":"2026-04-09T05:44:49+00:00","breadcrumb":{"@id":"https:\/\/mobire.lv\/iebrauciet-ritdiena-ar-pilna-servisa-nomu\/#breadcrumb"},"inLanguage":"ru-RU","potentialAction":[{"@type":"ReadAction","target":["https:\/\/mobire.lv\/iebrauciet-ritdiena-ar-pilna-servisa-nomu\/"]}]},{"@type":"BreadcrumbList","@id":"https:\/\/mobire.lv\/iebrauciet-ritdiena-ar-pilna-servisa-nomu\/#breadcrumb","itemListElement":[{"@type":"ListItem","position":1,"name":"Home","item":"https:\/\/mobire.lv\/ru\/"},{"@type":"ListItem","position":2,"name":"L\u012aZINGS IR RETRO. Iebrauciet R\u012aTDIEN\u0100 ar pilna servisa nomu."}]},{"@type":"WebSite","@id":"https:\/\/mobire.lv\/#website","url":"https:\/\/mobire.lv\/","name":"Mobire","description":"Mobire","publisher":{"@id":"https:\/\/mobire.lv\/#organization"},"potentialAction":[{"@type":"SearchAction","target":{"@type":"EntryPoint","urlTemplate":"https:\/\/mobire.lv\/?s={search_term_string}"},"query-input":{"@type":"PropertyValueSpecification","valueRequired":true,"valueName":"search_term_string"}}],"inLanguage":"ru-RU"},{"@type":"Organization","@id":"https:\/\/mobire.lv\/#organization","name":"Mobire","url":"https:\/\/mobire.lv\/","logo":{"@type":"ImageObject","inLanguage":"ru-RU","@id":"https:\/\/mobire.lv\/#\/schema\/logo\/image\/","url":"https:\/\/mobire.lv\/wp-content\/uploads\/2020\/09\/mobire_logo.png","contentUrl":"https:\/\/mobire.lv\/wp-content\/uploads\/2020\/09\/mobire_logo.png","width":659,"height":171,"caption":"Mobire"},"image":{"@id":"https:\/\/mobire.lv\/#\/schema\/logo\/image\/"}}]}}}