{"id":25843,"date":"2026-04-08T16:45:42","date_gmt":"2026-04-08T14:45:42","guid":{"rendered":"https:\/\/mobire.lv\/?page_id=25843"},"modified":"2026-04-08T16:45:43","modified_gmt":"2026-04-08T14:45:43","slug":"kampanas-noteikumi","status":"publish","type":"page","link":"https:\/\/mobire.lv\/ru\/kampanas-noteikumi\/","title":{"rendered":"Mobire kampa\u0146as \u201cL\u012bzings ir Retro\u201d noteikumi"},"content":{"rendered":"\n<p><strong>1. Kampa\u0146as visp\u0101r\u012bgie noteikumi<\/strong><\/p>\n\n\n\n<p>1.1. Kampa\u0146a \u201eL\u012bzings ir Retro\u201c (turpm\u0101k \u2013 Kampa\u0146a) norisin\u0101s laika posm\u0101 no <strong>2026. gada 8. apr\u012b\u013ca l\u012bdz 2026. gada 25. j\u016bnijam<\/strong> (ieskaitot).<\/p>\n\n\n\n<p>1.2. Kampa\u0146as organiz\u0113t\u0101js ir <strong>Mobire Latvija SIA<\/strong>, re\u0123. Nr. 40103307847, adrese: Akme\u0146u iela 14, R\u012bga, LV-1048 &nbsp;(turpm\u0101k \u2013 Organiz\u0113t\u0101js).<\/p>\n\n\n\n<p>1.3. Kampa\u0146as m\u0113r\u0137is ir iepaz\u012bstin\u0101t ar Mobire pakalpojumiem un organiz\u0113t izlozi starp visiem kampa\u0146as dal\u012bbniekiem.<\/p>\n\n\n\n<p><strong>2. Dal\u012bba kampa\u0146\u0101<\/strong><\/p>\n\n\n\n<p>2.1. Kampa\u0146\u0101 var piedal\u012bties visas fizisk\u0101s personas, kuras:<\/p>\n\n\n\n<p>a) ir vismaz <strong>25 gadus vecas <\/strong>un kuru&nbsp; vad\u012bt\u0101ja apliec\u012bbas st\u0101\u017es ir vismaz <strong>2 gadi<\/strong> (nedr\u012bkst b\u016bt &#171;pagaidu&#187; vad\u012bt\u0101ja apliec\u012bba)<\/p>\n\n\n\n<p>b) ir Latvijas Republikas rezidenti;<\/p>\n\n\n\n<p>c) ir piekritu\u0161as Mobire Latvija SIA priv\u0101tuma politikai un devu\u0161as piekri\u0161anu savu personas datu apstr\u0101dei m\u0101rketinga nol\u016bkos.<\/p>\n\n\n\n<p>2.2. Piedaloties kampa\u0146\u0101, dal\u012bbnieks apliecina, ka ir iepazinies ar \u0161iem noteikumiem un piekr\u012bt tiem.<\/p>\n\n\n\n<p><strong>3. Izloze un balva<\/strong><\/p>\n\n\n\n<p>3.1. Starp visiem kampa\u0146as dal\u012bbniekiem tiks izloz\u0113tas viegl\u0101 automobi\u013ca <strong>Dodge Challenger lieto\u0161anas ties\u012bbas uz 2 (div\u0101m) kalend\u0101raj\u0101m ned\u0113\u013c\u0101m<\/strong> 2026. gada j\u016blij\u0101 (p\u0113c vieno\u0161an\u0101s).<\/p>\n\n\n\n<p>3.2. Balvas izloze notiks <strong>2026. gada 26. j\u016bnij\u0101<\/strong>.<\/p>\n\n\n\n<p>3.3. Automa\u0161\u012bnas lieto\u0161anu regul\u0113 Mobire nomas noteikumi, ar kuriem iesp\u0113jams iepaz\u012bties t\u012bmek\u013ca vietn\u0113: <a href=\"https:\/\/mobire.lv\" target=\"_blank\" rel=\"noreferrer noopener\">https:\/\/mobire.lv<\/a>.<\/p>\n\n\n\n<p>3.4. Automa\u0161\u012bna uzvar\u0113t\u0101jam tiek nodota ar pilnu degvielas tvertni, un t\u0101 ir j\u0101atgrie\u017e ar\u012b ar pilnu tvertni.<\/p>\n\n\n\n<p>3.5. Izlozes uzvar\u0113t\u0101js piekr\u012bt, ka balvas pasnieg\u0161ana tiks fiks\u0113ta foto vai video form\u0101t\u0101 un izmantota Mobire soci\u0101lo t\u012bklu kan\u0101los.<\/p>\n\n\n\n<p>3.6. Automa\u0161\u012bnas lieto\u0161anas laik\u0101 vid\u0113jais nobraukums dien\u0101 nedr\u012bkst p\u0101rsniegt <strong>200 km<\/strong>. <\/p>\n\n\n\n<p>3.7. Automa\u0161\u012bnas <strong>pa\u0161risks<\/strong> par katru boj\u0101juma gad\u012bjumu ir <strong>500 eiro<\/strong>.<\/p>\n\n\n\n<p><strong>4. Pras\u012bbas izlozes dal\u012bbniekiem<\/strong><\/p>\n\n\n\n<p>4.1. Lai sa\u0146emtu balvu, uzvar\u0113t\u0101jam j\u0101atbilst \u0161\u0101diem nosac\u012bjumiem:<\/p>\n\n\n\n<p>a) j\u0101b\u016bt vismaz <strong>25 gadus vecam<\/strong>;<\/p>\n\n\n\n<p>b) vad\u012bt\u0101ja apliec\u012bbas st\u0101\u017eam j\u0101b\u016bt vismaz <strong>2 gadi<\/strong> (nedr\u012bkst b\u016bt &#171;pagaidu&#187; vad\u012bt\u0101ja apliec\u012bba)<\/p>\n\n\n\n<p>c) j\u0101b\u016bt Latvijas Republikas rezidentam.<\/p>\n\n\n\n<p>4.2. Laim\u0113t\u0101s automa\u0161\u012bnas lieto\u0161anas ties\u012bbas ir person\u012bgas un t\u0101s nevar nodot tre\u0161aj\u0101m person\u0101m.<\/p>\n\n\n\n<p><strong>5. Personas datu apstr\u0101de<\/strong><\/p>\n\n\n\n<p>5.1. Piedaloties kampa\u0146\u0101, dal\u012bbnieks dod Organiz\u0113t\u0101jam piekri\u0161anu apstr\u0101d\u0101t savus personas datus saska\u0146\u0101 ar Mobire priv\u0101tuma politiku, tostarp m\u0101rketinga nol\u016bkos.<\/p>\n\n\n\n<p>5.2. Personas dati tiek apstr\u0101d\u0101ti saska\u0146\u0101 ar sp\u0113k\u0101 eso\u0161ajiem ties\u012bbu aktiem (GDPR).<\/p>\n\n\n\n<p>5.3. Dal\u012bbniekam ir ties\u012bbas jebkur\u0101 laik\u0101 atsaukt savu piekri\u0161anu un piepras\u012bt datu dz\u0113\u0161anu vai apstr\u0101des ierobe\u017eo\u0161anu, ja vien likum\u0101 nav noteikts cit\u0101di.<\/p>\n\n\n\n<p>5.4. S\u012bk\u0101ka inform\u0101cija par datu aizsardz\u012bbu: <a href=\"https:\/\/mobire.lv\/privatums\/\">https:\/\/mobire.lv\/privatums\/<\/a><\/p>\n\n\n\n<p><strong>6. Citi noteikumi<\/strong><\/p>\n\n\n\n<p>6.1. Mobire Latvija SIA ir ties\u012bbas vienpus\u0113ji main\u012bt vai papildin\u0101t Kampa\u0146as noteikumus, public\u0113jot attiec\u012bgu pazi\u0146ojumu sav\u0101 t\u012bmek\u013ca vietn\u0113 <a href=\"https:\/\/mobire.lv\" target=\"_blank\" rel=\"noreferrer noopener\">https:\/\/mobire.lv<\/a>.<\/p>\n\n\n\n<p>6.2. Visi str\u012bdi saist\u012bb\u0101 ar kampa\u0146u tiek risin\u0101ti saska\u0146\u0101 ar Latvijas Republikas likumdo\u0161anu.<\/p>\n\n\n\n<p><strong>7. Kontakti<\/strong><\/p>\n\n\n\n<p>7.1. Ar kampa\u0146u saist\u012bto jaut\u0101jumu vai pretenziju gad\u012bjum\u0101 l\u016bdzam sazin\u0101ties: \u2013 e-pasts: <a href=\"mailto:\" type=\"mailto\" id=\"mailto:\">auto@mobire.lv <\/a><\/p>\n\n\n\n<p><\/p>\n","protected":false},"excerpt":{"rendered":"<p>1. Kampa\u0146as visp\u0101r\u012bgie noteikumi 1.1. Kampa\u0146a \u201eL\u012bzings ir Retro\u201c (turpm\u0101k \u2013 Kampa\u0146a) norisin\u0101s laika posm\u0101 no 2026. gada 8. apr\u012b\u013ca l\u012bdz 2026. gada 25. j\u016bnijam (ieskaitot). 1.2. Kampa\u0146as organiz\u0113t\u0101js ir Mobire Latvija SIA, re\u0123. Nr. 40103307847, adrese: Akme\u0146u iela 14, R\u012bga, LV-1048 &nbsp;(turpm\u0101k \u2013 Organiz\u0113t\u0101js). 1.3. Kampa\u0146as m\u0113r\u0137is ir iepaz\u012bstin\u0101t ar Mobire pakalpojumiem un organiz\u0113t [&hellip;]<\/p>\n","protected":false},"author":39,"featured_media":0,"parent":0,"menu_order":0,"comment_status":"closed","ping_status":"closed","template":"","meta":{"_acf_changed":false,"footnotes":""},"class_list":["post-25843","page","type-page","status-publish","hentry"],"acf":[],"yoast_head":"<!-- This site is optimized with the Yoast SEO plugin v27.3 - https:\/\/yoast.com\/product\/yoast-seo-wordpress\/ -->\n<title>Mobire kampa\u0146as \u201cL\u012bzings ir Retro\u201d noteikumi | Mobire<\/title>\n<meta name=\"robots\" content=\"index, follow, max-snippet:-1, max-image-preview:large, max-video-preview:-1\" \/>\n<link rel=\"canonical\" href=\"https:\/\/mobire.lv\/kampanas-noteikumi\/\" \/>\n<meta property=\"og:locale\" content=\"ru_RU\" \/>\n<meta property=\"og:type\" content=\"article\" \/>\n<meta property=\"og:title\" content=\"Mobire kampa\u0146as \u201cL\u012bzings ir Retro\u201d noteikumi | Mobire\" \/>\n<meta property=\"og:description\" content=\"1. Kampa\u0146as visp\u0101r\u012bgie noteikumi 1.1. Kampa\u0146a \u201eL\u012bzings ir Retro\u201c (turpm\u0101k \u2013 Kampa\u0146a) norisin\u0101s laika posm\u0101 no 2026. gada 8. apr\u012b\u013ca l\u012bdz 2026. gada 25. j\u016bnijam (ieskaitot). 1.2. Kampa\u0146as organiz\u0113t\u0101js ir Mobire Latvija SIA, re\u0123. Nr. 40103307847, adrese: Akme\u0146u iela 14, R\u012bga, LV-1048 &nbsp;(turpm\u0101k \u2013 Organiz\u0113t\u0101js). 1.3. Kampa\u0146as m\u0113r\u0137is ir iepaz\u012bstin\u0101t ar Mobire pakalpojumiem un organiz\u0113t [&hellip;]\" \/>\n<meta property=\"og:url\" content=\"https:\/\/mobire.lv\/kampanas-noteikumi\/\" \/>\n<meta property=\"og:site_name\" content=\"Mobire\" \/>\n<meta property=\"article:modified_time\" content=\"2026-04-08T14:45:43+00:00\" \/>\n<meta name=\"twitter:card\" content=\"summary_large_image\" \/>\n<meta name=\"twitter:label1\" content=\"\u041f\u0440\u0438\u043c\u0435\u0440\u043d\u043e\u0435 \u0432\u0440\u0435\u043c\u044f \u0434\u043b\u044f \u0447\u0442\u0435\u043d\u0438\u044f\" \/>\n\t<meta name=\"twitter:data1\" content=\"3 \u043c\u0438\u043d\u0443\u0442\u044b\" \/>\n<script type=\"application\/ld+json\" class=\"yoast-schema-graph\">{\"@context\":\"https:\\\/\\\/schema.org\",\"@graph\":[{\"@type\":\"WebPage\",\"@id\":\"https:\\\/\\\/mobire.lv\\\/kampanas-noteikumi\\\/\",\"url\":\"https:\\\/\\\/mobire.lv\\\/kampanas-noteikumi\\\/\",\"name\":\"Mobire kampa\u0146as \u201cL\u012bzings ir Retro\u201d noteikumi | Mobire\",\"isPartOf\":{\"@id\":\"https:\\\/\\\/mobire.lv\\\/#website\"},\"datePublished\":\"2026-04-08T14:45:42+00:00\",\"dateModified\":\"2026-04-08T14:45:43+00:00\",\"breadcrumb\":{\"@id\":\"https:\\\/\\\/mobire.lv\\\/kampanas-noteikumi\\\/#breadcrumb\"},\"inLanguage\":\"ru-RU\",\"potentialAction\":[{\"@type\":\"ReadAction\",\"target\":[\"https:\\\/\\\/mobire.lv\\\/kampanas-noteikumi\\\/\"]}]},{\"@type\":\"BreadcrumbList\",\"@id\":\"https:\\\/\\\/mobire.lv\\\/kampanas-noteikumi\\\/#breadcrumb\",\"itemListElement\":[{\"@type\":\"ListItem\",\"position\":1,\"name\":\"Home\",\"item\":\"https:\\\/\\\/mobire.lv\\\/ru\\\/\"},{\"@type\":\"ListItem\",\"position\":2,\"name\":\"Mobire kampa\u0146as \u201cL\u012bzings ir Retro\u201d noteikumi\"}]},{\"@type\":\"WebSite\",\"@id\":\"https:\\\/\\\/mobire.lv\\\/#website\",\"url\":\"https:\\\/\\\/mobire.lv\\\/\",\"name\":\"Mobire\",\"description\":\"Mobire\",\"publisher\":{\"@id\":\"https:\\\/\\\/mobire.lv\\\/#organization\"},\"potentialAction\":[{\"@type\":\"SearchAction\",\"target\":{\"@type\":\"EntryPoint\",\"urlTemplate\":\"https:\\\/\\\/mobire.lv\\\/?s={search_term_string}\"},\"query-input\":{\"@type\":\"PropertyValueSpecification\",\"valueRequired\":true,\"valueName\":\"search_term_string\"}}],\"inLanguage\":\"ru-RU\"},{\"@type\":\"Organization\",\"@id\":\"https:\\\/\\\/mobire.lv\\\/#organization\",\"name\":\"Mobire\",\"url\":\"https:\\\/\\\/mobire.lv\\\/\",\"logo\":{\"@type\":\"ImageObject\",\"inLanguage\":\"ru-RU\",\"@id\":\"https:\\\/\\\/mobire.lv\\\/#\\\/schema\\\/logo\\\/image\\\/\",\"url\":\"https:\\\/\\\/mobire.lv\\\/wp-content\\\/uploads\\\/2020\\\/09\\\/mobire_logo.png\",\"contentUrl\":\"https:\\\/\\\/mobire.lv\\\/wp-content\\\/uploads\\\/2020\\\/09\\\/mobire_logo.png\",\"width\":659,\"height\":171,\"caption\":\"Mobire\"},\"image\":{\"@id\":\"https:\\\/\\\/mobire.lv\\\/#\\\/schema\\\/logo\\\/image\\\/\"}}]}<\/script>\n<!-- \/ Yoast SEO plugin. -->","yoast_head_json":{"title":"Mobire kampa\u0146as \u201cL\u012bzings ir Retro\u201d noteikumi | Mobire","robots":{"index":"index","follow":"follow","max-snippet":"max-snippet:-1","max-image-preview":"max-image-preview:large","max-video-preview":"max-video-preview:-1"},"canonical":"https:\/\/mobire.lv\/kampanas-noteikumi\/","og_locale":"ru_RU","og_type":"article","og_title":"Mobire kampa\u0146as \u201cL\u012bzings ir Retro\u201d noteikumi | Mobire","og_description":"1. Kampa\u0146as visp\u0101r\u012bgie noteikumi 1.1. Kampa\u0146a \u201eL\u012bzings ir Retro\u201c (turpm\u0101k \u2013 Kampa\u0146a) norisin\u0101s laika posm\u0101 no 2026. gada 8. apr\u012b\u013ca l\u012bdz 2026. gada 25. j\u016bnijam (ieskaitot). 1.2. Kampa\u0146as organiz\u0113t\u0101js ir Mobire Latvija SIA, re\u0123. Nr. 40103307847, adrese: Akme\u0146u iela 14, R\u012bga, LV-1048 &nbsp;(turpm\u0101k \u2013 Organiz\u0113t\u0101js). 1.3. Kampa\u0146as m\u0113r\u0137is ir iepaz\u012bstin\u0101t ar Mobire pakalpojumiem un organiz\u0113t [&hellip;]","og_url":"https:\/\/mobire.lv\/kampanas-noteikumi\/","og_site_name":"Mobire","article_modified_time":"2026-04-08T14:45:43+00:00","twitter_card":"summary_large_image","twitter_misc":{"\u041f\u0440\u0438\u043c\u0435\u0440\u043d\u043e\u0435 \u0432\u0440\u0435\u043c\u044f \u0434\u043b\u044f \u0447\u0442\u0435\u043d\u0438\u044f":"3 \u043c\u0438\u043d\u0443\u0442\u044b"},"schema":{"@context":"https:\/\/schema.org","@graph":[{"@type":"WebPage","@id":"https:\/\/mobire.lv\/kampanas-noteikumi\/","url":"https:\/\/mobire.lv\/kampanas-noteikumi\/","name":"Mobire kampa\u0146as \u201cL\u012bzings ir Retro\u201d noteikumi | Mobire","isPartOf":{"@id":"https:\/\/mobire.lv\/#website"},"datePublished":"2026-04-08T14:45:42+00:00","dateModified":"2026-04-08T14:45:43+00:00","breadcrumb":{"@id":"https:\/\/mobire.lv\/kampanas-noteikumi\/#breadcrumb"},"inLanguage":"ru-RU","potentialAction":[{"@type":"ReadAction","target":["https:\/\/mobire.lv\/kampanas-noteikumi\/"]}]},{"@type":"BreadcrumbList","@id":"https:\/\/mobire.lv\/kampanas-noteikumi\/#breadcrumb","itemListElement":[{"@type":"ListItem","position":1,"name":"Home","item":"https:\/\/mobire.lv\/ru\/"},{"@type":"ListItem","position":2,"name":"Mobire kampa\u0146as \u201cL\u012bzings ir Retro\u201d noteikumi"}]},{"@type":"WebSite","@id":"https:\/\/mobire.lv\/#website","url":"https:\/\/mobire.lv\/","name":"Mobire","description":"Mobire","publisher":{"@id":"https:\/\/mobire.lv\/#organization"},"potentialAction":[{"@type":"SearchAction","target":{"@type":"EntryPoint","urlTemplate":"https:\/\/mobire.lv\/?s={search_term_string}"},"query-input":{"@type":"PropertyValueSpecification","valueRequired":true,"valueName":"search_term_string"}}],"inLanguage":"ru-RU"},{"@type":"Organization","@id":"https:\/\/mobire.lv\/#organization","name":"Mobire","url":"https:\/\/mobire.lv\/","logo":{"@type":"ImageObject","inLanguage":"ru-RU","@id":"https:\/\/mobire.lv\/#\/schema\/logo\/image\/","url":"https:\/\/mobire.lv\/wp-content\/uploads\/2020\/09\/mobire_logo.png","contentUrl":"https:\/\/mobire.lv\/wp-content\/uploads\/2020\/09\/mobire_logo.png","width":659,"height":171,"caption":"Mobire"},"image":{"@id":"https:\/\/mobire.lv\/#\/schema\/logo\/image\/"}}]}}}