{"id":7241,"date":"2022-03-11T16:08:36","date_gmt":"2022-03-11T14:08:36","guid":{"rendered":"https:\/\/mobire.lv\/?page_id=7241"},"modified":"2026-03-10T13:42:33","modified_gmt":"2026-03-10T11:42:33","slug":"mobire-front","status":"publish","type":"page","link":"https:\/\/mobire.lv\/ru\/","title":{"rendered":"S\u0101kums"},"content":{"rendered":"","protected":false},"excerpt":{"rendered":"","protected":false},"author":26,"featured_media":24591,"parent":0,"menu_order":0,"comment_status":"closed","ping_status":"closed","template":"page-templates\/front_page.php","meta":{"_acf_changed":false,"footnotes":""},"class_list":["post-7241","page","type-page","status-publish","has-post-thumbnail","hentry"],"acf":[],"yoast_head":"<!-- This site is optimized with the Yoast SEO plugin v27.3 - https:\/\/yoast.com\/product\/yoast-seo-wordpress\/ -->\n<title>\u0414\u043e\u043b\u0433\u043e\u0441\u0440\u043e\u0447\u043d\u0430\u044f \u0430\u0440\u0435\u043d\u0434\u0430 \u0430\u0432\u0442\u043e - \u0432\u0441\u0451 \u0432\u043a\u043b\u044e\u0447\u0435\u043d\u043e (24\/7) | Mobire<\/title>\n<meta name=\"description\" content=\"\u0414\u043e\u043b\u0433\u043e\u0441\u0440\u043e\u0447\u043d\u0430\u044f \u0430\u0440\u0435\u043d\u0434\u0430 \u0430\u0432\u0442\u043e Mobire - \u044d\u0442\u043e \u0440\u0430\u0446\u0438\u043e\u043d\u0430\u043b\u044c\u043d\u0430\u044f \u0430\u043b\u044c\u0442\u0435\u0440\u043d\u0430\u0442\u0438\u0432\u0430 \u0444\u0438\u043d\u0430\u043d\u0441\u043e\u0432\u043e\u0433\u043e \u043b\u0438\u0437\u0438\u043d\u0433\u0430 \u0434\u043b\u044f \u043a\u043e\u0440\u043f\u043e\u0440\u0430\u0442\u0438\u0432\u043d\u044b\u0445 \u043a\u043b\u0438\u0435\u043d\u0442\u043e\u0432. \u0423\u0437\u043d\u0430\u0439\u0442\u0435 \u0431\u043e\u043b\u044c\u0448\u0435.\" \/>\n<meta name=\"robots\" content=\"index, follow, max-snippet:-1, max-image-preview:large, max-video-preview:-1\" \/>\n<link rel=\"canonical\" href=\"https:\/\/mobire.lv\/ru\/\" \/>\n<meta property=\"og:locale\" content=\"ru_RU\" \/>\n<meta property=\"og:type\" content=\"article\" \/>\n<meta property=\"og:title\" content=\"\u0414\u043e\u043b\u0433\u043e\u0441\u0440\u043e\u0447\u043d\u0430\u044f \u0430\u0440\u0435\u043d\u0434\u0430 \u0430\u0432\u0442\u043e - \u0432\u0441\u0451 \u0432\u043a\u043b\u044e\u0447\u0435\u043d\u043e (24\/7) | Mobire\" \/>\n<meta property=\"og:description\" content=\"\u0414\u043e\u043b\u0433\u043e\u0441\u0440\u043e\u0447\u043d\u0430\u044f \u0430\u0440\u0435\u043d\u0434\u0430 \u0430\u0432\u0442\u043e Mobire - \u044d\u0442\u043e \u0440\u0430\u0446\u0438\u043e\u043d\u0430\u043b\u044c\u043d\u0430\u044f \u0430\u043b\u044c\u0442\u0435\u0440\u043d\u0430\u0442\u0438\u0432\u0430 \u0444\u0438\u043d\u0430\u043d\u0441\u043e\u0432\u043e\u0433\u043e \u043b\u0438\u0437\u0438\u043d\u0433\u0430 \u0434\u043b\u044f \u043a\u043e\u0440\u043f\u043e\u0440\u0430\u0442\u0438\u0432\u043d\u044b\u0445 \u043a\u043b\u0438\u0435\u043d\u0442\u043e\u0432. \u0423\u0437\u043d\u0430\u0439\u0442\u0435 \u0431\u043e\u043b\u044c\u0448\u0435.\" \/>\n<meta property=\"og:url\" content=\"https:\/\/mobire.lv\/ru\/\" \/>\n<meta property=\"og:site_name\" content=\"Mobire\" \/>\n<meta property=\"article:modified_time\" content=\"2026-03-10T11:42:33+00:00\" \/>\n<meta property=\"og:image\" content=\"https:\/\/mobire.lv\/wp-content\/uploads\/2025\/10\/toyota-un-skoda-modeli.png\" \/>\n\t<meta property=\"og:image:width\" content=\"1472\" \/>\n\t<meta property=\"og:image:height\" content=\"832\" \/>\n\t<meta property=\"og:image:type\" content=\"image\/png\" \/>\n<meta name=\"twitter:card\" content=\"summary_large_image\" \/>\n<meta name=\"twitter:label1\" content=\"\u041f\u0440\u0438\u043c\u0435\u0440\u043d\u043e\u0435 \u0432\u0440\u0435\u043c\u044f \u0434\u043b\u044f \u0447\u0442\u0435\u043d\u0438\u044f\" \/>\n\t<meta name=\"twitter:data1\" content=\"1 \u043c\u0438\u043d\u0443\u0442\u0430\" \/>\n<script type=\"application\/ld+json\" class=\"yoast-schema-graph\">{\"@context\":\"https:\\\/\\\/schema.org\",\"@graph\":[{\"@type\":\"WebPage\",\"@id\":\"https:\\\/\\\/mobire.lv\\\/ru\\\/\",\"url\":\"https:\\\/\\\/mobire.lv\\\/ru\\\/\",\"name\":\"\u0414\u043e\u043b\u0433\u043e\u0441\u0440\u043e\u0447\u043d\u0430\u044f \u0430\u0440\u0435\u043d\u0434\u0430 \u0430\u0432\u0442\u043e - \u0432\u0441\u0451 \u0432\u043a\u043b\u044e\u0447\u0435\u043d\u043e (24\\\/7) | Mobire\",\"isPartOf\":{\"@id\":\"https:\\\/\\\/mobire.lv\\\/#website\"},\"primaryImageOfPage\":{\"@id\":\"https:\\\/\\\/mobire.lv\\\/ru\\\/#primaryimage\"},\"image\":{\"@id\":\"https:\\\/\\\/mobire.lv\\\/ru\\\/#primaryimage\"},\"thumbnailUrl\":\"https:\\\/\\\/mobire.lv\\\/wp-content\\\/uploads\\\/2025\\\/10\\\/toyota-un-skoda-modeli.png\",\"datePublished\":\"2022-03-11T14:08:36+00:00\",\"dateModified\":\"2026-03-10T11:42:33+00:00\",\"description\":\"\u0414\u043e\u043b\u0433\u043e\u0441\u0440\u043e\u0447\u043d\u0430\u044f \u0430\u0440\u0435\u043d\u0434\u0430 \u0430\u0432\u0442\u043e Mobire - \u044d\u0442\u043e \u0440\u0430\u0446\u0438\u043e\u043d\u0430\u043b\u044c\u043d\u0430\u044f \u0430\u043b\u044c\u0442\u0435\u0440\u043d\u0430\u0442\u0438\u0432\u0430 \u0444\u0438\u043d\u0430\u043d\u0441\u043e\u0432\u043e\u0433\u043e \u043b\u0438\u0437\u0438\u043d\u0433\u0430 \u0434\u043b\u044f \u043a\u043e\u0440\u043f\u043e\u0440\u0430\u0442\u0438\u0432\u043d\u044b\u0445 \u043a\u043b\u0438\u0435\u043d\u0442\u043e\u0432. \u0423\u0437\u043d\u0430\u0439\u0442\u0435 \u0431\u043e\u043b\u044c\u0448\u0435.\",\"breadcrumb\":{\"@id\":\"https:\\\/\\\/mobire.lv\\\/ru\\\/#breadcrumb\"},\"inLanguage\":\"ru-RU\",\"potentialAction\":[{\"@type\":\"ReadAction\",\"target\":[\"https:\\\/\\\/mobire.lv\\\/ru\\\/\"]}]},{\"@type\":\"ImageObject\",\"inLanguage\":\"ru-RU\",\"@id\":\"https:\\\/\\\/mobire.lv\\\/ru\\\/#primaryimage\",\"url\":\"https:\\\/\\\/mobire.lv\\\/wp-content\\\/uploads\\\/2025\\\/10\\\/toyota-un-skoda-modeli.png\",\"contentUrl\":\"https:\\\/\\\/mobire.lv\\\/wp-content\\\/uploads\\\/2025\\\/10\\\/toyota-un-skoda-modeli.png\",\"width\":1472,\"height\":832,\"caption\":\"Toyota un \u0160koda mode\u013ci, Mobire d\u0101vanu maisi\u0146\u0161\"},{\"@type\":\"BreadcrumbList\",\"@id\":\"https:\\\/\\\/mobire.lv\\\/ru\\\/#breadcrumb\",\"itemListElement\":[{\"@type\":\"ListItem\",\"position\":1,\"name\":\"Home\",\"item\":\"https:\\\/\\\/mobire.lv\\\/ru\\\/\"},{\"@type\":\"ListItem\",\"position\":2,\"name\":\"S\u0101kums\"}]},{\"@type\":\"WebSite\",\"@id\":\"https:\\\/\\\/mobire.lv\\\/#website\",\"url\":\"https:\\\/\\\/mobire.lv\\\/\",\"name\":\"Mobire\",\"description\":\"Mobire\",\"publisher\":{\"@id\":\"https:\\\/\\\/mobire.lv\\\/#organization\"},\"potentialAction\":[{\"@type\":\"SearchAction\",\"target\":{\"@type\":\"EntryPoint\",\"urlTemplate\":\"https:\\\/\\\/mobire.lv\\\/?s={search_term_string}\"},\"query-input\":{\"@type\":\"PropertyValueSpecification\",\"valueRequired\":true,\"valueName\":\"search_term_string\"}}],\"inLanguage\":\"ru-RU\"},{\"@type\":\"Organization\",\"@id\":\"https:\\\/\\\/mobire.lv\\\/#organization\",\"name\":\"Mobire\",\"url\":\"https:\\\/\\\/mobire.lv\\\/\",\"logo\":{\"@type\":\"ImageObject\",\"inLanguage\":\"ru-RU\",\"@id\":\"https:\\\/\\\/mobire.lv\\\/#\\\/schema\\\/logo\\\/image\\\/\",\"url\":\"https:\\\/\\\/mobire.lv\\\/wp-content\\\/uploads\\\/2020\\\/09\\\/mobire_logo.png\",\"contentUrl\":\"https:\\\/\\\/mobire.lv\\\/wp-content\\\/uploads\\\/2020\\\/09\\\/mobire_logo.png\",\"width\":659,\"height\":171,\"caption\":\"Mobire\"},\"image\":{\"@id\":\"https:\\\/\\\/mobire.lv\\\/#\\\/schema\\\/logo\\\/image\\\/\"}}]}<\/script>\n<!-- \/ Yoast SEO plugin. -->","yoast_head_json":{"title":"\u0414\u043e\u043b\u0433\u043e\u0441\u0440\u043e\u0447\u043d\u0430\u044f \u0430\u0440\u0435\u043d\u0434\u0430 \u0430\u0432\u0442\u043e - \u0432\u0441\u0451 \u0432\u043a\u043b\u044e\u0447\u0435\u043d\u043e (24\/7) | Mobire","description":"\u0414\u043e\u043b\u0433\u043e\u0441\u0440\u043e\u0447\u043d\u0430\u044f \u0430\u0440\u0435\u043d\u0434\u0430 \u0430\u0432\u0442\u043e Mobire - \u044d\u0442\u043e \u0440\u0430\u0446\u0438\u043e\u043d\u0430\u043b\u044c\u043d\u0430\u044f \u0430\u043b\u044c\u0442\u0435\u0440\u043d\u0430\u0442\u0438\u0432\u0430 \u0444\u0438\u043d\u0430\u043d\u0441\u043e\u0432\u043e\u0433\u043e \u043b\u0438\u0437\u0438\u043d\u0433\u0430 \u0434\u043b\u044f \u043a\u043e\u0440\u043f\u043e\u0440\u0430\u0442\u0438\u0432\u043d\u044b\u0445 \u043a\u043b\u0438\u0435\u043d\u0442\u043e\u0432. \u0423\u0437\u043d\u0430\u0439\u0442\u0435 \u0431\u043e\u043b\u044c\u0448\u0435.","robots":{"index":"index","follow":"follow","max-snippet":"max-snippet:-1","max-image-preview":"max-image-preview:large","max-video-preview":"max-video-preview:-1"},"canonical":"https:\/\/mobire.lv\/ru\/","og_locale":"ru_RU","og_type":"article","og_title":"\u0414\u043e\u043b\u0433\u043e\u0441\u0440\u043e\u0447\u043d\u0430\u044f \u0430\u0440\u0435\u043d\u0434\u0430 \u0430\u0432\u0442\u043e - \u0432\u0441\u0451 \u0432\u043a\u043b\u044e\u0447\u0435\u043d\u043e (24\/7) | Mobire","og_description":"\u0414\u043e\u043b\u0433\u043e\u0441\u0440\u043e\u0447\u043d\u0430\u044f \u0430\u0440\u0435\u043d\u0434\u0430 \u0430\u0432\u0442\u043e Mobire - \u044d\u0442\u043e \u0440\u0430\u0446\u0438\u043e\u043d\u0430\u043b\u044c\u043d\u0430\u044f \u0430\u043b\u044c\u0442\u0435\u0440\u043d\u0430\u0442\u0438\u0432\u0430 \u0444\u0438\u043d\u0430\u043d\u0441\u043e\u0432\u043e\u0433\u043e \u043b\u0438\u0437\u0438\u043d\u0433\u0430 \u0434\u043b\u044f \u043a\u043e\u0440\u043f\u043e\u0440\u0430\u0442\u0438\u0432\u043d\u044b\u0445 \u043a\u043b\u0438\u0435\u043d\u0442\u043e\u0432. \u0423\u0437\u043d\u0430\u0439\u0442\u0435 \u0431\u043e\u043b\u044c\u0448\u0435.","og_url":"https:\/\/mobire.lv\/ru\/","og_site_name":"Mobire","article_modified_time":"2026-03-10T11:42:33+00:00","og_image":[{"width":1472,"height":832,"url":"https:\/\/mobire.lv\/wp-content\/uploads\/2025\/10\/toyota-un-skoda-modeli.png","type":"image\/png"}],"twitter_card":"summary_large_image","twitter_misc":{"\u041f\u0440\u0438\u043c\u0435\u0440\u043d\u043e\u0435 \u0432\u0440\u0435\u043c\u044f \u0434\u043b\u044f \u0447\u0442\u0435\u043d\u0438\u044f":"1 \u043c\u0438\u043d\u0443\u0442\u0430"},"schema":{"@context":"https:\/\/schema.org","@graph":[{"@type":"WebPage","@id":"https:\/\/mobire.lv\/ru\/","url":"https:\/\/mobire.lv\/ru\/","name":"\u0414\u043e\u043b\u0433\u043e\u0441\u0440\u043e\u0447\u043d\u0430\u044f \u0430\u0440\u0435\u043d\u0434\u0430 \u0430\u0432\u0442\u043e - \u0432\u0441\u0451 \u0432\u043a\u043b\u044e\u0447\u0435\u043d\u043e (24\/7) | Mobire","isPartOf":{"@id":"https:\/\/mobire.lv\/#website"},"primaryImageOfPage":{"@id":"https:\/\/mobire.lv\/ru\/#primaryimage"},"image":{"@id":"https:\/\/mobire.lv\/ru\/#primaryimage"},"thumbnailUrl":"https:\/\/mobire.lv\/wp-content\/uploads\/2025\/10\/toyota-un-skoda-modeli.png","datePublished":"2022-03-11T14:08:36+00:00","dateModified":"2026-03-10T11:42:33+00:00","description":"\u0414\u043e\u043b\u0433\u043e\u0441\u0440\u043e\u0447\u043d\u0430\u044f \u0430\u0440\u0435\u043d\u0434\u0430 \u0430\u0432\u0442\u043e Mobire - \u044d\u0442\u043e \u0440\u0430\u0446\u0438\u043e\u043d\u0430\u043b\u044c\u043d\u0430\u044f \u0430\u043b\u044c\u0442\u0435\u0440\u043d\u0430\u0442\u0438\u0432\u0430 \u0444\u0438\u043d\u0430\u043d\u0441\u043e\u0432\u043e\u0433\u043e \u043b\u0438\u0437\u0438\u043d\u0433\u0430 \u0434\u043b\u044f \u043a\u043e\u0440\u043f\u043e\u0440\u0430\u0442\u0438\u0432\u043d\u044b\u0445 \u043a\u043b\u0438\u0435\u043d\u0442\u043e\u0432. \u0423\u0437\u043d\u0430\u0439\u0442\u0435 \u0431\u043e\u043b\u044c\u0448\u0435.","breadcrumb":{"@id":"https:\/\/mobire.lv\/ru\/#breadcrumb"},"inLanguage":"ru-RU","potentialAction":[{"@type":"ReadAction","target":["https:\/\/mobire.lv\/ru\/"]}]},{"@type":"ImageObject","inLanguage":"ru-RU","@id":"https:\/\/mobire.lv\/ru\/#primaryimage","url":"https:\/\/mobire.lv\/wp-content\/uploads\/2025\/10\/toyota-un-skoda-modeli.png","contentUrl":"https:\/\/mobire.lv\/wp-content\/uploads\/2025\/10\/toyota-un-skoda-modeli.png","width":1472,"height":832,"caption":"Toyota un \u0160koda mode\u013ci, Mobire d\u0101vanu maisi\u0146\u0161"},{"@type":"BreadcrumbList","@id":"https:\/\/mobire.lv\/ru\/#breadcrumb","itemListElement":[{"@type":"ListItem","position":1,"name":"Home","item":"https:\/\/mobire.lv\/ru\/"},{"@type":"ListItem","position":2,"name":"S\u0101kums"}]},{"@type":"WebSite","@id":"https:\/\/mobire.lv\/#website","url":"https:\/\/mobire.lv\/","name":"Mobire","description":"Mobire","publisher":{"@id":"https:\/\/mobire.lv\/#organization"},"potentialAction":[{"@type":"SearchAction","target":{"@type":"EntryPoint","urlTemplate":"https:\/\/mobire.lv\/?s={search_term_string}"},"query-input":{"@type":"PropertyValueSpecification","valueRequired":true,"valueName":"search_term_string"}}],"inLanguage":"ru-RU"},{"@type":"Organization","@id":"https:\/\/mobire.lv\/#organization","name":"Mobire","url":"https:\/\/mobire.lv\/","logo":{"@type":"ImageObject","inLanguage":"ru-RU","@id":"https:\/\/mobire.lv\/#\/schema\/logo\/image\/","url":"https:\/\/mobire.lv\/wp-content\/uploads\/2020\/09\/mobire_logo.png","contentUrl":"https:\/\/mobire.lv\/wp-content\/uploads\/2020\/09\/mobire_logo.png","width":659,"height":171,"caption":"Mobire"},"image":{"@id":"https:\/\/mobire.lv\/#\/schema\/logo\/image\/"}}]}}}